{"id":1181,"date":"2021-10-04T17:00:58","date_gmt":"2021-10-04T15:00:58","guid":{"rendered":"https:\/\/maripura.de\/?page_id=1181"},"modified":"2025-09-14T16:39:50","modified_gmt":"2025-09-14T14:39:50","slug":"therapie","status":"publish","type":"page","link":"https:\/\/maripura.de\/index.php\/therapie\/","title":{"rendered":"Therapie"},"content":{"rendered":"\n<p class=\"has-text-align-left has-background\" style=\"background:linear-gradient(135deg,rgb(238,238,238) 31%,rgb(169,184,195) 79%);font-size:16px;line-height:1.6;text-transform:none\">F\u00fcr meine therapeutischen Angebote Hypnotherapie, Yogatherapie, Gespr\u00e4chspsychotherapie und Neurosystemische Integration\/ Traumasensible Begleitung (NI) habe ich eine eigene Webseite eingerichtet.  <br>Schau doch bitte einmal dort vorbei: <a href=\"http:\/\/marion-m\u00fcller-assmus.de\"><strong>www.marion-m\u00fcller-assmus.de<\/strong><\/a><\/p>\n\n\n\n<hr class=\"wp-block-separator aligncenter has-alpha-channel-opacity is-style-wide\"\/>\n\n\n<div class=\"wp-block-image\">\n<figure class=\"alignleft size-full is-resized\"><img loading=\"lazy\" decoding=\"async\" width=\"500\" height=\"750\" src=\"https:\/\/maripura.de\/wp-content\/uploads\/2025\/09\/therapie-3.jpg\" alt=\"\" class=\"wp-image-2095\" style=\"width:274px;height:auto\" srcset=\"https:\/\/maripura.de\/wp-content\/uploads\/2025\/09\/therapie-3.jpg 500w, https:\/\/maripura.de\/wp-content\/uploads\/2025\/09\/therapie-3-200x300.jpg 200w\" sizes=\"auto, (max-width: 500px) 100vw, 500px\" \/><\/figure><\/div>\n\n\n<p><strong>Hilfe annehmen ist ein Zeichen von St\u00e4rke!<\/strong><\/p>\n\n\n\n<p>Ich glaube an Transformation und daran, dass wir alle einen unversehrten Kern in uns haben, an den wir uns wieder anbinden und erinnern k\u00f6nnen .<\/p>\n\n\n\n<p>Wenn ich Dich auf deinem Weg therapeutisch begleite, stelle ich dir meine Kompetenz und all meine Erfahrungen mit Einf\u00fchlungsverm\u00f6gen , Respekt und Verst\u00e4ndnis zur Verf\u00fcgung.<\/p>\n\n\n\n<p>Ich kann Dich unterst\u00fctzen, Dich besser zu begreifen, Ressourcen zu finden, wieder in die eigene Kraft zu kommen und aus dieser eigenen Kraft heraus L\u00f6sungen zu kreieren. Und schlie\u00dflich ein Leben in Verbundenheit zu leben, mit Dir selbst und mit anderen.<\/p>\n\n\n\n<p>In einem pers\u00f6nlichen Kennenlerngespr\u00e4ch finden wir heraus, wie Du unterst\u00fctzt werden m\u00f6chtest.<\/p>\n\n\n\n<p>Ich arbeite zusammen mit Heilpraktikerin und Hom\u00f6opathin A.Rosenbusch,&nbsp; <a href=\"https:\/\/deref-gmx.net\/mail\/client\/Cn_XODyQhR8\/dereferrer\/?redirectUrl=http%3A%2F%2Fwww.rosenbusch-heilpraktikerin.de\" target=\"_blank\" rel=\"noreferrer noopener\">www.rosenbusch-heilpraktikerin.de<\/a>, Kontakt: agnirosenbusch@gmx.de oder                        0176 70730383. Ihre Schwerpunkte sind Begleitung von Frauen in allen Lebensphasen, z B durch die Therapeutische Frauenmassage TFM und Ber\u00fchrungskunst\/ K\u00f6rpertherapie. Weiterhin \u201eStress lass nach\u201c -Gruppen und Bildungskreise zum Thema \u201eLust und Frust\u201c.<\/p>\n","protected":false},"excerpt":{"rendered":"<p>F\u00fcr meine therapeutischen Angebote Hypnotherapie, Yogatherapie, Gespr\u00e4chspsychotherapie und Neurosystemische Integration\/ Traumasensible Begleitung (NI) habe ich eine eigene Webseite eingerichtet. Schau doch bitte einmal dort vorbei: www.marion-m\u00fcller-assmus.de Hilfe annehmen ist ein Zeichen von St\u00e4rke! Ich glaube an Transformation und daran, dass wir alle einen unversehrten Kern in uns haben, an den wir uns wieder anbinden und &hellip; <\/p>\n<p class=\"link-more\"><a href=\"https:\/\/maripura.de\/index.php\/therapie\/\" class=\"more-link\"><span class=\"screen-reader-text\">\u201eTherapie\u201c<\/span> weiterlesen<\/a><\/p>\n","protected":false},"author":2,"featured_media":0,"parent":0,"menu_order":0,"comment_status":"closed","ping_status":"closed","template":"","meta":{"footnotes":""},"class_list":["post-1181","page","type-page","status-publish","hentry"],"_links":{"self":[{"href":"https:\/\/maripura.de\/index.php\/wp-json\/wp\/v2\/pages\/1181","targetHints":{"allow":["GET"]}}],"collection":[{"href":"https:\/\/maripura.de\/index.php\/wp-json\/wp\/v2\/pages"}],"about":[{"href":"https:\/\/maripura.de\/index.php\/wp-json\/wp\/v2\/types\/page"}],"author":[{"embeddable":true,"href":"https:\/\/maripura.de\/index.php\/wp-json\/wp\/v2\/users\/2"}],"replies":[{"embeddable":true,"href":"https:\/\/maripura.de\/index.php\/wp-json\/wp\/v2\/comments?post=1181"}],"version-history":[{"count":30,"href":"https:\/\/maripura.de\/index.php\/wp-json\/wp\/v2\/pages\/1181\/revisions"}],"predecessor-version":[{"id":2097,"href":"https:\/\/maripura.de\/index.php\/wp-json\/wp\/v2\/pages\/1181\/revisions\/2097"}],"wp:attachment":[{"href":"https:\/\/maripura.de\/index.php\/wp-json\/wp\/v2\/media?parent=1181"}],"curies":[{"name":"wp","href":"https:\/\/api.w.org\/{rel}","templated":true}]}}