{"id":32,"date":"2019-04-13T14:45:05","date_gmt":"2019-04-13T12:45:05","guid":{"rendered":"https:\/\/maripura.de\/?page_id=32"},"modified":"2026-03-25T12:19:54","modified_gmt":"2026-03-25T10:19:54","slug":"start","status":"publish","type":"page","link":"https:\/\/maripura.de\/","title":{"rendered":"Willkommen"},"content":{"rendered":"\n<p>Zur Zeit gibt es nur freitags 18:30 Uhr freie Pl\u00e4tze.<\/p>\n\n\n\n<p><\/p>\n\n\n\n<p><\/p>\n\n\n\n<p><\/p>\n\n\n\n<p><\/p>\n\n\n\n<h3 class=\"wp-block-heading\">Willkommen bei Maripura Yoga<\/h3>\n\n\n\n<p>In unserer schnelllebigen Gesellschaft ist der Fokus verst\u00e4rkt nach \nAu\u00dfen gerichtet, schnell geraten wir in ein Hamsterrad von Terminen, \nZust\u00e4ndigkeiten und Anforderungen.<\/p>\n\n\n\n<p>Dies f\u00fchrt dazu, dass wir den Zugang zu uns selbst und unserer \nIntuition verlieren &#8211; wir gehen \u00fcber die Grenzen unserer k\u00f6rperlichen, \naber auch geistig-seelischen M\u00f6glichkeiten hinaus.<\/p>\n\n\n\n<p>YOGA hilft die innere Balance wieder herzustellen und unsere Grenzen \nzu erkennen bzw. zu erforschen und zu akzeptieren, um einer erneuten \n\u00dcberforderung entgegenzuwirken.<\/p>\n\n\n\n<p>YOGA ist ein ganzheitliches \u00dcbungssystem welches auf K\u00f6rper, Geist und Seele wirkt.<\/p>\n\n\n\n<figure class=\"wp-block-image size-full\"><img loading=\"lazy\" decoding=\"async\" width=\"346\" height=\"519\" src=\"https:\/\/maripura.de\/wp-content\/uploads\/2025\/09\/willkommen_45.jpg\" alt=\"\" class=\"wp-image-2079\" srcset=\"https:\/\/maripura.de\/wp-content\/uploads\/2025\/09\/willkommen_45.jpg 346w, https:\/\/maripura.de\/wp-content\/uploads\/2025\/09\/willkommen_45-200x300.jpg 200w\" sizes=\"auto, (max-width: 346px) 100vw, 346px\" \/><\/figure>\n\n\n\n<p><strong>Auf unserer Seite informieren wir \u00fcber:<\/strong><\/p>\n\n\n\n<ul class=\"wp-block-list\">\n<li><a href=\".\/index.php\/termine\/aktuelles-und-news\">Aktuelles und News<\/a> wie Sondertermine etc.<\/li>\n\n\n\n<li><a href=\".\/index.php\/erleben\/wissenswertes-vor-der-yogastunde\">Wissenswertes<\/a> vor der Yoga-Stunde<\/li>\n\n\n\n<li><a href=\".\/index.php\/wissen\/was-ist-yoga\">Yoga<\/a>, <a href=\".\/index.php\/wissen\/was-ist-hatha-yoga\">Hatha-Yoga<\/a>, <a href=\".\/index.php\/wissen\/was-ist-meditation\">Meditation<\/a>, sowie <a href=\".\/index.php\/wissen\/haeufig-gestellte-fragen\">h\u00e4ufig gestellte Fragen<\/a><\/li>\n\n\n\n<li>unser <a href=\".\/index.php\/erleben\/kurse-fuer-erwachsene\">Kursangebot<\/a> <\/li>\n\n\n\n<li>unsere <a href=\".\/index.php\/termine-fuer-erwachsene\">Kurszeiten<\/a> <\/li>\n\n\n\n<li>unsere <a href=\".\/index.php\/preise\/preise-fuer-erwachsene\">Kursgeb\u00fchren<\/a> <br><br><\/li>\n\n\n\n<li>Auf eigener Web-Seite: <br><a href=\"https:\/\/marion-m\u00fcller-assmus.de\">Hypno-, Yoga- und Gespr\u00e4chspsychotherapie<\/a> mit Marion M\u00fcller-Assmus<br><br><\/li>\n<\/ul>\n\n\n\n<p>Wir w\u00fcnschen viel Spa\u00df und Freude auf unserer Seite!<\/p>\n","protected":false},"excerpt":{"rendered":"<p>Zur Zeit gibt es nur freitags 18:30 Uhr freie Pl\u00e4tze. Willkommen bei Maripura Yoga In unserer schnelllebigen Gesellschaft ist der Fokus verst\u00e4rkt nach Au\u00dfen gerichtet, schnell geraten wir in ein Hamsterrad von Terminen, Zust\u00e4ndigkeiten und Anforderungen. Dies f\u00fchrt dazu, dass wir den Zugang zu uns selbst und unserer Intuition verlieren &#8211; wir gehen \u00fcber die &hellip; <\/p>\n<p class=\"link-more\"><a href=\"https:\/\/maripura.de\/\" class=\"more-link\"><span class=\"screen-reader-text\">\u201eWillkommen\u201c<\/span> weiterlesen<\/a><\/p>\n","protected":false},"author":1,"featured_media":0,"parent":0,"menu_order":0,"comment_status":"closed","ping_status":"closed","template":"","meta":{"footnotes":""},"class_list":["post-32","page","type-page","status-publish","hentry"],"_links":{"self":[{"href":"https:\/\/maripura.de\/index.php\/wp-json\/wp\/v2\/pages\/32","targetHints":{"allow":["GET"]}}],"collection":[{"href":"https:\/\/maripura.de\/index.php\/wp-json\/wp\/v2\/pages"}],"about":[{"href":"https:\/\/maripura.de\/index.php\/wp-json\/wp\/v2\/types\/page"}],"author":[{"embeddable":true,"href":"https:\/\/maripura.de\/index.php\/wp-json\/wp\/v2\/users\/1"}],"replies":[{"embeddable":true,"href":"https:\/\/maripura.de\/index.php\/wp-json\/wp\/v2\/comments?post=32"}],"version-history":[{"count":60,"href":"https:\/\/maripura.de\/index.php\/wp-json\/wp\/v2\/pages\/32\/revisions"}],"predecessor-version":[{"id":2155,"href":"https:\/\/maripura.de\/index.php\/wp-json\/wp\/v2\/pages\/32\/revisions\/2155"}],"wp:attachment":[{"href":"https:\/\/maripura.de\/index.php\/wp-json\/wp\/v2\/media?parent=32"}],"curies":[{"name":"wp","href":"https:\/\/api.w.org\/{rel}","templated":true}]}}