{"id":38,"date":"2019-04-13T14:50:39","date_gmt":"2019-04-13T12:50:39","guid":{"rendered":"https:\/\/maripura.de\/?page_id=38"},"modified":"2019-04-13T20:58:41","modified_gmt":"2019-04-13T18:58:41","slug":"sprueche","status":"publish","type":"page","link":"https:\/\/maripura.de\/index.php\/sprueche\/","title":{"rendered":"Spr\u00fcche"},"content":{"rendered":"\n<h3 class=\"wp-block-heading\">Meine Yogastunden beende ich mit einem Spruch,<br> hier eine kleine Auswahl<\/h3>\n\n\n\n<hr class=\"wp-block-separator is-style-wide\"\/>\n\n\n\n<p>&#8222;Das Bed\u00fcrfnis zu kontrollieren kommt aus der Angst,<br>\nVertrauen kommt aus der Liebe.&#8220;<br>\n<em>-unbekannt-<\/em><\/p>\n\n\n\n<hr class=\"wp-block-separator is-style-wide\"\/>\n\n\n\n<p>&#8222;Ein Mensch muss stark genug sein, sich aus der Eigenart seiner Unvollkommenheit,<br>\ndie Vollkommenheit seiner Eigenart zu schmieden.&#8220;<br>\n<em>-Goethe-<\/em><\/p>\n\n\n\n<hr class=\"wp-block-separator is-style-wide\"\/>\n\n\n\n<div class=\"wp-block-media-text alignwide has-media-on-the-right\"><figure class=\"wp-block-media-text__media\"><img loading=\"lazy\" decoding=\"async\" width=\"370\" height=\"248\" src=\"https:\/\/maripura.de\/wp-content\/uploads\/2019\/04\/bild_haende.jpg\" alt=\"\" class=\"wp-image-114\" srcset=\"https:\/\/maripura.de\/wp-content\/uploads\/2019\/04\/bild_haende.jpg 370w, https:\/\/maripura.de\/wp-content\/uploads\/2019\/04\/bild_haende-300x201.jpg 300w\" sizes=\"auto, (max-width: 370px) 100vw, 370px\" \/><\/figure><div class=\"wp-block-media-text__content\">\n<p style=\"text-align:left\">Konzept f\u00fcr ein gl\u00fcckliches Leben:<br> Benutze Dinge, aber nicht Menschen. Liebe Menschen, aber nicht Dinge<\/p>\n<\/div><\/div>\n\n\n\n<hr class=\"wp-block-separator is-style-wide\"\/>\n\n\n\n<p>&#8222;Ohne Mut ist alles Wissen unfruchtbar&#8220;<br>\n<em>-Baltasar Gracian Y. Morales-<\/em><\/p>\n\n\n\n<hr class=\"wp-block-separator is-style-wide\"\/>\n\n\n\n<p>&#8222;Du brauchst keinen Lehrer, der dich beeinflusst.<br>\nDu brauchst einen Lehrer, der Dich lehrt, Dich nicht mehr beeinflussen zu lassen..&#8220;<br>\n<em>-Dalai Lama-<\/em><\/p>\n\n\n\n<hr class=\"wp-block-separator is-style-wide\"\/>\n\n\n\n<p>&#8222;Alles, was wir h\u00f6ren, ist eine Meinung, keine Tatsache.<br>\nAlles was wir sehen, ist eine Perspektive, nicht die Wahrheit.&#8220;<br>\n<em>-Marcus Aurelius-<\/em><\/p>\n\n\n\n<hr class=\"wp-block-separator is-style-wide\"\/>\n\n\n\n<p>&#8222;Anspannung ist, wer Du glaubst, sein zu m\u00fcssen.<br>\nEntspannung ist, wer Du bist.&#8220;<br>\n<em>-Chinesisches Sprichwort-<\/em><\/p>\n\n\n\n<hr class=\"wp-block-separator is-style-wide\"\/>\n\n\n\n<p>&#8222;Man will nicht nur gl\u00fccklich sein, sondern gl\u00fccklicher als die anderen.<br>\nUnd das ist deshalb so schwer, weil wir die anderen f\u00fcr Gl\u00fccklicher halten, als sie sind.&#8220;<br>\n<em>-Charles-Louis de Montesquieu-<\/em><\/p>\n\n\n\n<hr class=\"wp-block-separator is-style-wide\"\/>\n\n\n\n<p>&#8222;Das Vergleichen ist das Ende des Gl\u00fccks und der Anfang der Unzufriedenheit.&#8220;<br>\n<em>&#8211; S\u00f6ren Kierkegaard-<\/em><\/p>\n\n\n\n<hr class=\"wp-block-separator is-style-wide\"\/>\n\n\n\n<p>&#8222;Geh nicht nur die glatten Stra\u00dfen,<br>\nGeh Wege, die noch niemand ging \u2026<br>\nDamit du Spuren hinterl\u00e4sst und nicht nur Staub.&#8220;<br>\n<em>-unbekannt-<\/em><\/p>\n\n\n\n<hr class=\"wp-block-separator is-style-wide\"\/>\n\n\n\n<p>&#8222;Halt dich nicht damit auf, Blumen zu pfl\u00fccken, um sie f\u00fcr sp\u00e4ter zu bewahren,<br>\nsondern wandere fort, denn Blumen werden sich f\u00fcr Dich in Bl\u00fcte erhalten, deinen Weg entlang.&#8220;<br>\n<em>-Tagore-<\/em><\/p>\n\n\n\n<hr class=\"wp-block-separator is-style-wide\"\/>\n\n\n\n<p>&#8222;Nicht, weil es so schwer ist, wagst Du es nicht.<br>\nSondern weil du es nicht wagst, ist es so schwer.&#8220;<br>\n<em>-Seneca-<\/em><\/p>\n\n\n\n<hr class=\"wp-block-separator is-style-wide\"\/>\n\n\n\n<p>&#8222;Groll mit sich herumtragen, ist wie das Greifen nach einem gl\u00fchenden St\u00fcck Kohle.<br>\nIn der Absicht, es nach jemandem zu werfen. Man verbrennt sich dabei nur selbst.&#8220;<br>\n<em>-unbekannt-<\/em><\/p>\n\n\n\n<hr class=\"wp-block-separator is-style-wide\"\/>\n\n\n\n<p>&#8222;Zweifle niemals am Blau des Himmels, nur weil \u00fcber Deinem Dach dunkle Wolken stehen.&#8220;<br>\n<em>-unbekannt-<\/em><\/p>\n\n\n\n<hr class=\"wp-block-separator is-style-wide\"\/>\n\n\n\n<p>&#8222;Viele Menschen glauben, dass sie nur dann stark sind, wenn sie keine Angst haben.<br>\nIn Wahrheit sind diejenigen am st\u00e4rksten, die Angst f\u00fchlen, sie verstehen und als Teil von sich akzeptieren.&#8220;<br>\n<em>-unbekannt-<\/em><\/p>\n","protected":false},"excerpt":{"rendered":"<p>Meine Yogastunden beende ich mit einem Spruch, hier eine kleine Auswahl &#8222;Das Bed\u00fcrfnis zu kontrollieren kommt aus der Angst, Vertrauen kommt aus der Liebe.&#8220; -unbekannt- &#8222;Ein Mensch muss stark genug sein, sich aus der Eigenart seiner Unvollkommenheit, die Vollkommenheit seiner Eigenart zu schmieden.&#8220; -Goethe- Konzept f\u00fcr ein gl\u00fcckliches Leben: Benutze Dinge, aber nicht Menschen. Liebe &hellip; <\/p>\n<p class=\"link-more\"><a href=\"https:\/\/maripura.de\/index.php\/sprueche\/\" class=\"more-link\"><span class=\"screen-reader-text\">\u201eSpr\u00fcche\u201c<\/span> weiterlesen<\/a><\/p>\n","protected":false},"author":1,"featured_media":0,"parent":0,"menu_order":0,"comment_status":"closed","ping_status":"closed","template":"","meta":{"footnotes":""},"class_list":["post-38","page","type-page","status-publish","hentry"],"_links":{"self":[{"href":"https:\/\/maripura.de\/index.php\/wp-json\/wp\/v2\/pages\/38","targetHints":{"allow":["GET"]}}],"collection":[{"href":"https:\/\/maripura.de\/index.php\/wp-json\/wp\/v2\/pages"}],"about":[{"href":"https:\/\/maripura.de\/index.php\/wp-json\/wp\/v2\/types\/page"}],"author":[{"embeddable":true,"href":"https:\/\/maripura.de\/index.php\/wp-json\/wp\/v2\/users\/1"}],"replies":[{"embeddable":true,"href":"https:\/\/maripura.de\/index.php\/wp-json\/wp\/v2\/comments?post=38"}],"version-history":[{"count":15,"href":"https:\/\/maripura.de\/index.php\/wp-json\/wp\/v2\/pages\/38\/revisions"}],"predecessor-version":[{"id":132,"href":"https:\/\/maripura.de\/index.php\/wp-json\/wp\/v2\/pages\/38\/revisions\/132"}],"wp:attachment":[{"href":"https:\/\/maripura.de\/index.php\/wp-json\/wp\/v2\/media?parent=38"}],"curies":[{"name":"wp","href":"https:\/\/api.w.org\/{rel}","templated":true}]}}