{"id":41,"date":"2019-04-13T14:52:53","date_gmt":"2019-04-13T12:52:53","guid":{"rendered":"https:\/\/maripura.de\/?page_id=41"},"modified":"2019-04-14T15:29:08","modified_gmt":"2019-04-14T13:29:08","slug":"meinungen","status":"publish","type":"page","link":"https:\/\/maripura.de\/index.php\/meinungen\/","title":{"rendered":"Meinungen"},"content":{"rendered":"\n<h3 class=\"wp-block-heading\">Das sagen meine Teilnehmer<\/h3>\n\n\n\n<img decoding=\"async\" style=\"float:right; width: 270px; border: 1px solid #94455f;\npadding: 0px; margin-left:20px; margin-bottom:20px;\" src=\"https:\/\/maripura.de\/wp-content\/uploads\/2019\/04\/bild1.jpg\" alt=\"\">\n\n\n\n<p><strong>Yoga ist f\u00fcr mich \u2026<\/strong><\/p>\n\n\n\n<p>&#8230; eine wunderbare Auszeit vom Alltag<br>\n&#8230; Entspannung pur<br>\n&#8230; sanfte Bewegungen ohne Hektik<br>\n&#8230; ein Genuss<br>\n&#8230; Kontaktaufnehmen mit mir selbst<br>\n&#8230; Kr\u00e4ftigung des K\u00f6rpers in harmonischen Bewegungen<br>\n&#8230; Loslassen<\/p>\n\n\n\n<hr class=\"wp-block-separator\"\/>\n\n\n\n<p><strong>Nach dem Yoga f\u00fchle ich mich:<\/strong><\/p>\n\n\n\n<ul class=\"wp-block-list\"><li>gl\u00fccklich<\/li><li>entspannt<\/li><li>in Harmonie mit mir selbst<\/li><li>schmerzbefreit<\/li><li>gelassen<\/li><li>einfach toll<\/li><li>wie neugeboren<\/li><li>gest\u00e4rkt<\/li><li>zentriert<\/li><li>befreit<\/li><\/ul>\n","protected":false},"excerpt":{"rendered":"<p>Das sagen meine Teilnehmer Yoga ist f\u00fcr mich \u2026 &#8230; eine wunderbare Auszeit vom Alltag &#8230; Entspannung pur &#8230; sanfte Bewegungen ohne Hektik &#8230; ein Genuss &#8230; Kontaktaufnehmen mit mir selbst &#8230; Kr\u00e4ftigung des K\u00f6rpers in harmonischen Bewegungen &#8230; Loslassen Nach dem Yoga f\u00fchle ich mich: gl\u00fccklich entspannt in Harmonie mit mir selbst schmerzbefreit gelassen &hellip; <\/p>\n<p class=\"link-more\"><a href=\"https:\/\/maripura.de\/index.php\/meinungen\/\" class=\"more-link\"><span class=\"screen-reader-text\">\u201eMeinungen\u201c<\/span> weiterlesen<\/a><\/p>\n","protected":false},"author":1,"featured_media":0,"parent":0,"menu_order":0,"comment_status":"closed","ping_status":"closed","template":"","meta":{"footnotes":""},"class_list":["post-41","page","type-page","status-publish","hentry"],"_links":{"self":[{"href":"https:\/\/maripura.de\/index.php\/wp-json\/wp\/v2\/pages\/41","targetHints":{"allow":["GET"]}}],"collection":[{"href":"https:\/\/maripura.de\/index.php\/wp-json\/wp\/v2\/pages"}],"about":[{"href":"https:\/\/maripura.de\/index.php\/wp-json\/wp\/v2\/types\/page"}],"author":[{"embeddable":true,"href":"https:\/\/maripura.de\/index.php\/wp-json\/wp\/v2\/users\/1"}],"replies":[{"embeddable":true,"href":"https:\/\/maripura.de\/index.php\/wp-json\/wp\/v2\/comments?post=41"}],"version-history":[{"count":4,"href":"https:\/\/maripura.de\/index.php\/wp-json\/wp\/v2\/pages\/41\/revisions"}],"predecessor-version":[{"id":194,"href":"https:\/\/maripura.de\/index.php\/wp-json\/wp\/v2\/pages\/41\/revisions\/194"}],"wp:attachment":[{"href":"https:\/\/maripura.de\/index.php\/wp-json\/wp\/v2\/media?parent=41"}],"curies":[{"name":"wp","href":"https:\/\/api.w.org\/{rel}","templated":true}]}}