{"id":51,"date":"2019-04-13T15:35:52","date_gmt":"2019-04-13T13:35:52","guid":{"rendered":"https:\/\/maripura.de\/?page_id=51"},"modified":"2026-03-31T11:06:58","modified_gmt":"2026-03-31T09:06:58","slug":"kurse-fuer-erwachsene","status":"publish","type":"page","link":"https:\/\/maripura.de\/index.php\/kurse-fuer-erwachsene\/","title":{"rendered":"Kurse"},"content":{"rendered":"\n<h3 class=\"wp-block-heading\"><\/h3>\n\n\n\n<p>Teilnahme ist f\u00fcr jede\/n m\u00f6glich, unabh\u00e4ngig von Geschlecht, Alter und\/oder Beweglichkeit.<\/p>\n\n\n\n<p><strong>Bestandteil des Yogakurses sind:<\/strong><\/p>\n\n\n\n<ul class=\"wp-block-list\">\n<li>K\u00f6rper\u00fcbungen (Asanas)<\/li>\n\n\n\n<li>Atem\u00fcbungen (Pranayama)<\/li>\n\n\n\n<li>Meditation <\/li>\n\n\n\n<li>Tiefenentspannung<\/li>\n<\/ul>\n\n\n\n<hr class=\"wp-block-separator has-css-opacity is-style-wide\"\/>\n\n\n\n<p><strong>Kurszeiten Marion: <\/strong><br>Montag:<br>18:00 h \u2013 19:30 h<br>20:00 h \u2013 21:30 h<\/p>\n\n\n\n<p><br>Dienstag:<\/p>\n\n\n\n<p> 17:30 h bis 19:00 h<\/p>\n\n\n\n<p>Donnerstag:<br>18:00 h &#8211; 19:30 h<br>20:00 h &#8211; 21:30 h<\/p>\n\n\n\n<p>Freitag:<br>16:30 h \u2013 18:00 h<\/p>\n\n\n\n<p>18:30 Uhr &#8211; 20:00 Uhr<br><\/p>\n\n\n\n<p><strong>Alle Kurse sind krankenkassenzertifiziert<\/strong><\/p>\n\n\n\n<p>Die Kurse umfassen je 10 Einheiten zu je 90 min. Der Kursbeitrag betr\u00e4gt EUR 160,- und ist sp\u00e4testens am 2ten Kurstag f\u00e4llig. Teilzahlung in 2 Betr\u00e4gen ist m\u00f6glich.<\/p>\n\n\n\n<p><\/p>\n\n\n\n<p>-Krankenkassenbescheinigung m\u00f6glich<\/p>\n\n\n\n<p><\/p>\n\n\n\n<p><\/p>\n\n\n\n<p><\/p>\n\n\n\n<hr class=\"wp-block-separator has-css-opacity is-style-wide\"\/>\n\n\n\n<p><\/p>\n\n\n\n<hr class=\"wp-block-separator has-css-opacity is-style-wide\"\/>\n\n\n\n<p><\/p>\n\n\n\n<p>Vor der ersten Yogastunde bitte weiterlesen unter<br><strong><a href=\".\/index.php\/wissenswertes-vor-der-yogastunde\">Wissenswertes vor der Yogastunde<\/a><\/strong>.<\/p>\n","protected":false},"excerpt":{"rendered":"<p>Teilnahme ist f\u00fcr jede\/n m\u00f6glich, unabh\u00e4ngig von Geschlecht, Alter und\/oder Beweglichkeit. Bestandteil des Yogakurses sind: Kurszeiten Marion: Montag:18:00 h \u2013 19:30 h20:00 h \u2013 21:30 h Dienstag: 17:30 h bis 19:00 h Donnerstag:18:00 h &#8211; 19:30 h20:00 h &#8211; 21:30 h Freitag:16:30 h \u2013 18:00 h 18:30 Uhr &#8211; 20:00 Uhr Alle Kurse sind krankenkassenzertifiziert &hellip; <\/p>\n<p class=\"link-more\"><a href=\"https:\/\/maripura.de\/index.php\/kurse-fuer-erwachsene\/\" class=\"more-link\"><span class=\"screen-reader-text\">\u201eKurse\u201c<\/span> weiterlesen<\/a><\/p>\n","protected":false},"author":1,"featured_media":0,"parent":0,"menu_order":0,"comment_status":"closed","ping_status":"closed","template":"","meta":{"footnotes":""},"class_list":["post-51","page","type-page","status-publish","hentry"],"_links":{"self":[{"href":"https:\/\/maripura.de\/index.php\/wp-json\/wp\/v2\/pages\/51","targetHints":{"allow":["GET"]}}],"collection":[{"href":"https:\/\/maripura.de\/index.php\/wp-json\/wp\/v2\/pages"}],"about":[{"href":"https:\/\/maripura.de\/index.php\/wp-json\/wp\/v2\/types\/page"}],"author":[{"embeddable":true,"href":"https:\/\/maripura.de\/index.php\/wp-json\/wp\/v2\/users\/1"}],"replies":[{"embeddable":true,"href":"https:\/\/maripura.de\/index.php\/wp-json\/wp\/v2\/comments?post=51"}],"version-history":[{"count":78,"href":"https:\/\/maripura.de\/index.php\/wp-json\/wp\/v2\/pages\/51\/revisions"}],"predecessor-version":[{"id":2158,"href":"https:\/\/maripura.de\/index.php\/wp-json\/wp\/v2\/pages\/51\/revisions\/2158"}],"wp:attachment":[{"href":"https:\/\/maripura.de\/index.php\/wp-json\/wp\/v2\/media?parent=51"}],"curies":[{"name":"wp","href":"https:\/\/api.w.org\/{rel}","templated":true}]}}