{"id":63,"date":"2019-04-13T15:44:15","date_gmt":"2019-04-13T13:44:15","guid":{"rendered":"https:\/\/maripura.de\/?page_id=63"},"modified":"2026-03-25T12:20:15","modified_gmt":"2026-03-25T10:20:15","slug":"termine-fuer-erwachsene","status":"publish","type":"page","link":"https:\/\/maripura.de\/index.php\/termine-fuer-erwachsene\/","title":{"rendered":"Termine"},"content":{"rendered":"\n<h3 class=\"wp-block-heading\">Aktuelle Kurszeiten:<\/h3>\n\n\n\n<p><strong>Montag<\/strong><\/p>\n\n\n\n<p>18:00 h bis 19:30 h           Yoga mit Marion   <\/p>\n\n\n\n<p>20:00 h bis 21:30 h           Yoga mit Marion  <\/p>\n\n\n\n<p><\/p>\n\n\n\n<p><strong>Dienstag<\/strong> <\/p>\n\n\n\n<p>17:30 h bis 19:00 h Yoga mit Marion<\/p>\n\n\n\n<p>an folgenden Terminen findet der Kurs bereits um 17:00 statt :<\/p>\n\n\n\n<p> 21.4.2026, 5.5.2026, 19.5.2026 und 2.6.2026<\/p>\n\n\n\n<p><strong>Mittwoch<\/strong> <\/p>\n\n\n\n<p><\/p>\n\n\n\n<p><\/p>\n\n\n\n<div class=\"wp-block-group\"><div class=\"wp-block-group__inner-container is-layout-flow wp-block-group-is-layout-flow\">\n<p><strong>Donnerstag<\/strong><\/p>\n\n\n\n<p><\/p>\n\n\n\n<p>18:00h bis 19:30 h Hatha Yoga mit Marion<\/p>\n\n\n\n<p>20:00 h bis 21:30 h Hatha Yoga mit Marion<\/p>\n\n\n\n<p><strong>Freitag<\/strong> :<\/p>\n<\/div><\/div>\n\n\n\n<p>16:30 h bis 18:00 h Hatha Yoga mit Marion<\/p>\n\n\n\n<p>18:30 h bis 20:00 h Hatha Yoga mit Marion<\/p>\n\n\n\n<p><\/p>\n\n\n\n<p><strong>Sonntag<\/strong><\/p>\n\n\n\n<p> 10 Uhr : 1 Mal im Monat Vinyasa Yoga mit Olga<\/p>\n\n\n\n<p><\/p>\n\n\n\n<hr class=\"wp-block-separator has-css-opacity is-style-wide\"\/>\n\n\n\n<p>In den Schulferien und an gesetzlichen Feiertagen (Br\u00fcckentagen) \nfindet kein Yogakurs statt. Ausnahmen werden rechtzeitig bekannt \ngegeben.<\/p>\n\n\n\n<hr class=\"wp-block-separator has-css-opacity is-style-wide\"\/>\n\n\n\n<p><strong> <\/strong><\/p>\n\n\n\n<hr class=\"wp-block-separator has-css-opacity is-style-wide\"\/>\n\n\n\n<h2 class=\"wp-block-heading\">\ud83e\uddd8\ud83c\udffb\u200d\u2640\ufe0f<strong>Yoga mit Marion<\/strong> \ud83e\uddd8\ud83c\udffb\u200d\u2640\ufe0f<\/h2>\n\n\n\n<p><\/p>\n\n\n\n<p><\/p>\n\n\n\n<p><\/p>\n\n\n\n<p><\/p>\n\n\n\n<p><\/p>\n\n\n\n<p>_________________________________________________________________________________<\/p>\n\n\n\n<p><\/p>\n\n\n\n<p>________________________________________________________________________________<\/p>\n\n\n\n<p><strong>\ud83e\uddd8\u200d\u2640\ufe0f\u2744\ufe0fWinterkurs mit Marion<\/strong> \u2744\ufe0f\ud83e\uddd8\u200d\u2640\ufe0f<\/p>\n\n\n\n<p>Montagskurs: 05.01.2026 bis 16.03.2026 ( 2.2. entf\u00e4llt)<\/p>\n\n\n\n<p>10 Termine 160,00 Euro -krankenkassenzertifiziert-<\/p>\n\n\n\n<p>Donnerstagskurs: 08.01.2026 bis 19.03.2026 ( 05.02. entf\u00e4llt)<\/p>\n\n\n\n<p>10 Termine, 160,00 Euro \u2013 krankenkassenzertifiziert-<\/p>\n\n\n\n<p>Freitagskurs: 09.01.2026 bis 20.03.2026 ( ein Termin entf\u00e4llt, wird noch bekannt gegeben)<\/p>\n\n\n\n<p>10 Termine, 160,00 Euro -krankenkassenzertifiziert-<\/p>\n\n\n\n<p>In den Schulferien und an gesetzlichen Feiertagen (Br\u00fcckentagen) findet kein Yogakurs statt. Ausnahmen werden rechtzeitig bekannt gegeben.<\/p>\n\n\n\n<hr class=\"wp-block-separator has-alpha-channel-opacity\"\/>\n\n\n\n<p>\ud83c\udf3a\ud83c\udf39<strong>Fr\u00fchjahrskurs<\/strong> <strong>mit Marion<\/strong>\ud83c\udf39\ud83c\udf3a<\/p>\n\n\n\n<p>Montagskurs: 13.04.2026 bis 22.06.2026 <\/p>\n\n\n\n<p>10 Termine 160,00 Euro -krankenkassenzertifiziert-<\/p>\n\n\n\n<p>Dienstagskurs: 14.04.2026 bis 16.06.2026<\/p>\n\n\n\n<p>10 Termine, 160,00 Euro -krankenkassenzertifiziert-<\/p>\n\n\n\n<p>Donnerstagskurs: 09.04.2026 bis 25.06.2026<\/p>\n\n\n\n<p>10 Termine, 160,00 Euro \u2013 krankenkassenzertifiziert-<\/p>\n\n\n\n<p>Freitagskurs: 17.04.2026 bis 03.07.2026 <\/p>\n\n\n\n<p>10 Termine, 160,00 Euro -krankenkassenzertifiziert-<\/p>\n\n\n\n<p>In den Schulferien und an gesetzlichen Feiertagen (Br\u00fcckentagen) findet kein Yogakurs statt. Ausnahmen werden rechtzeitig bekannt gegeben.<\/p>\n\n\n\n<p><\/p>\n\n\n\n<hr class=\"wp-block-separator has-css-opacity is-style-wide\"\/>\n\n\n\n<p><strong>Sondertermine<\/strong> <\/p>\n\n\n\n<p><br><strong>Yoga-Intensiv mit Marion<\/strong>  :  Info unter Aktuelles\/News<br>Teilnahme m\u00f6glich f\u00fcr Anf\u00e4nger und Fortgeschrittene!<\/p>\n\n\n\n<p>Teilnahme an den aktuellen Kursen nicht erforderlich!<\/p>\n","protected":false},"excerpt":{"rendered":"<p>Aktuelle Kurszeiten: Montag 18:00 h bis 19:30 h Yoga mit Marion 20:00 h bis 21:30 h Yoga mit Marion Dienstag 17:30 h bis 19:00 h Yoga mit Marion an folgenden Terminen findet der Kurs bereits um 17:00 statt : 21.4.2026, 5.5.2026, 19.5.2026 und 2.6.2026 Mittwoch Donnerstag 18:00h bis 19:30 h Hatha Yoga mit Marion 20:00 &hellip; <\/p>\n<p class=\"link-more\"><a href=\"https:\/\/maripura.de\/index.php\/termine-fuer-erwachsene\/\" class=\"more-link\"><span class=\"screen-reader-text\">\u201eTermine\u201c<\/span> weiterlesen<\/a><\/p>\n","protected":false},"author":1,"featured_media":0,"parent":0,"menu_order":0,"comment_status":"closed","ping_status":"closed","template":"","meta":{"footnotes":""},"class_list":["post-63","page","type-page","status-publish","hentry"],"_links":{"self":[{"href":"https:\/\/maripura.de\/index.php\/wp-json\/wp\/v2\/pages\/63","targetHints":{"allow":["GET"]}}],"collection":[{"href":"https:\/\/maripura.de\/index.php\/wp-json\/wp\/v2\/pages"}],"about":[{"href":"https:\/\/maripura.de\/index.php\/wp-json\/wp\/v2\/types\/page"}],"author":[{"embeddable":true,"href":"https:\/\/maripura.de\/index.php\/wp-json\/wp\/v2\/users\/1"}],"replies":[{"embeddable":true,"href":"https:\/\/maripura.de\/index.php\/wp-json\/wp\/v2\/comments?post=63"}],"version-history":[{"count":269,"href":"https:\/\/maripura.de\/index.php\/wp-json\/wp\/v2\/pages\/63\/revisions"}],"predecessor-version":[{"id":2156,"href":"https:\/\/maripura.de\/index.php\/wp-json\/wp\/v2\/pages\/63\/revisions\/2156"}],"wp:attachment":[{"href":"https:\/\/maripura.de\/index.php\/wp-json\/wp\/v2\/media?parent=63"}],"curies":[{"name":"wp","href":"https:\/\/api.w.org\/{rel}","templated":true}]}}