{"id":73,"date":"2019-04-13T15:50:14","date_gmt":"2019-04-13T13:50:14","guid":{"rendered":"https:\/\/maripura.de\/?page_id=73"},"modified":"2025-03-17T09:57:28","modified_gmt":"2025-03-17T07:57:28","slug":"preise-fuer-erwachsene","status":"publish","type":"page","link":"https:\/\/maripura.de\/index.php\/preise-fuer-erwachsene\/","title":{"rendered":"Preise"},"content":{"rendered":"\n<h3 class=\"wp-block-heading\"><\/h3>\n\n\n\n<p>Kursbeitrag f\u00fcr 10 Einheiten EUR 160,- zu je 90 min. ( Kostenbeteiligung der Krankenkasse m\u00f6glich)<\/p>\n\n\n\n<p>Der Kursbeitrag ist sp\u00e4testens am 2ten Kurstag f\u00e4llig.<br>Teilzahlung in 2 Betr\u00e4gen ist m\u00f6glich.<br><br>Vers\u00e4umte Termine k\u00f6nnen in Absprache mit der Kursleiterin in einem  anderen Kurs nachgeholt werden ( Voraussetzung Absage des vers\u00e4umten  Termins bis sp\u00e4testens 12 Uhr des Kurstages). <\/p>\n\n\n\n<p><\/p>\n\n\n\n<p><\/p>\n\n\n\n<p><\/p>\n\n\n\n<p><strong><u> <\/u><\/strong><\/p>\n\n\n\n<p><\/p>\n\n\n\n<p><\/p>\n\n\n\n<p><\/p>\n","protected":false},"excerpt":{"rendered":"<p>Kursbeitrag f\u00fcr 10 Einheiten EUR 160,- zu je 90 min. ( Kostenbeteiligung der Krankenkasse m\u00f6glich) Der Kursbeitrag ist sp\u00e4testens am 2ten Kurstag f\u00e4llig.Teilzahlung in 2 Betr\u00e4gen ist m\u00f6glich. Vers\u00e4umte Termine k\u00f6nnen in Absprache mit der Kursleiterin in einem anderen Kurs nachgeholt werden ( Voraussetzung Absage des vers\u00e4umten Termins bis sp\u00e4testens 12 Uhr des Kurstages).<\/p>\n","protected":false},"author":1,"featured_media":0,"parent":0,"menu_order":0,"comment_status":"closed","ping_status":"closed","template":"","meta":{"footnotes":""},"class_list":["post-73","page","type-page","status-publish","hentry"],"_links":{"self":[{"href":"https:\/\/maripura.de\/index.php\/wp-json\/wp\/v2\/pages\/73","targetHints":{"allow":["GET"]}}],"collection":[{"href":"https:\/\/maripura.de\/index.php\/wp-json\/wp\/v2\/pages"}],"about":[{"href":"https:\/\/maripura.de\/index.php\/wp-json\/wp\/v2\/types\/page"}],"author":[{"embeddable":true,"href":"https:\/\/maripura.de\/index.php\/wp-json\/wp\/v2\/users\/1"}],"replies":[{"embeddable":true,"href":"https:\/\/maripura.de\/index.php\/wp-json\/wp\/v2\/comments?post=73"}],"version-history":[{"count":24,"href":"https:\/\/maripura.de\/index.php\/wp-json\/wp\/v2\/pages\/73\/revisions"}],"predecessor-version":[{"id":2055,"href":"https:\/\/maripura.de\/index.php\/wp-json\/wp\/v2\/pages\/73\/revisions\/2055"}],"wp:attachment":[{"href":"https:\/\/maripura.de\/index.php\/wp-json\/wp\/v2\/media?parent=73"}],"curies":[{"name":"wp","href":"https:\/\/api.w.org\/{rel}","templated":true}]}}