{"id":94,"date":"2019-04-13T16:09:42","date_gmt":"2019-04-13T14:09:42","guid":{"rendered":"https:\/\/maripura.de\/?page_id=94"},"modified":"2024-08-22T12:23:21","modified_gmt":"2024-08-22T10:23:21","slug":"kontakt","status":"publish","type":"page","link":"https:\/\/maripura.de\/index.php\/kontakt\/","title":{"rendered":"Kontakt"},"content":{"rendered":"\n<h3 class=\"wp-block-heading\">Kontakt<\/h3>\n\n\n\n<img decoding=\"async\" style=\"float:right; width: 270px; border: 1px solid #94455f;\npadding: 0px; margin-left:20px; margin-bottom:20px;\" src=\"https:\/\/maripura.de\/wp-content\/uploads\/2019\/04\/klangschale.jpg\" alt=\"\">\n<p>Wenn Sie Fragen haben oder uns Anregungen \u00fcbermitteln wollen, k\u00f6nnen  Sie dies \u00fcber das Nachrichtenformular unten oder per Post erledigen. F\u00fcr  den postalischen Weg gilt die folgende Adresse:<\/p>\n\n\n\n<hr class=\"wp-block-separator has-css-opacity is-style-wide\"\/>\n\n\n\n<p><strong>Yogastudio Maripura<br>Marion M\u00fcller-Assmus<br>An der Landesgrenze 6<br>28779 Bremen<\/strong><\/p>\n\n\n\n<hr class=\"wp-block-separator has-css-opacity is-style-wide\"\/>\n\n\n\n<p>Telefonisch erreichen Sie uns unter:<br> <br> Mobil:   0151 2013 5717<\/p>\n\n\n\n<hr class=\"wp-block-separator has-css-opacity is-style-wide\"\/>\n\n\n\n<p>info@maripura.de<\/p>\n\n\n\n<p>Wenn Sie uns eine Nachricht senden m\u00f6chten, f\u00fcllen Sie bitte das  nachstehende Formular aus.  Wir werden uns so schnell wie m\u00f6glich mit  Ihnen in Verbindung setzen. Alle Eintragungen sind freiwillig und  unterliegen der aktuellen DSGVO vom 25.05.2018. (siehe Impressum) <\/p>\n\n\n\n<p class=\"has-vivid-red-color has-text-color has-link-color has-medium-font-size wp-elements-89c0897f668c445c3bf10f2af1913c91\"><\/p>\n\n\n\n<div style=\"height:63px\" aria-hidden=\"true\" class=\"wp-block-spacer\"><\/div>\n\n\n\n<div class=\"wpcf7 no-js\" id=\"wpcf7-f105-o1\" lang=\"de-DE\" dir=\"ltr\" data-wpcf7-id=\"105\">\n<div class=\"screen-reader-response\"><p role=\"status\" aria-live=\"polite\" aria-atomic=\"true\"><\/p> <ul><\/ul><\/div>\n<form action=\"\/index.php\/wp-json\/wp\/v2\/pages\/94#wpcf7-f105-o1\" method=\"post\" class=\"wpcf7-form init\" aria-label=\"Kontaktformular\" novalidate=\"novalidate\" data-status=\"init\">\n<fieldset class=\"hidden-fields-container\"><input type=\"hidden\" name=\"_wpcf7\" value=\"105\" \/><input type=\"hidden\" name=\"_wpcf7_version\" value=\"6.1.1\" \/><input type=\"hidden\" name=\"_wpcf7_locale\" value=\"de_DE\" \/><input type=\"hidden\" name=\"_wpcf7_unit_tag\" value=\"wpcf7-f105-o1\" \/><input type=\"hidden\" name=\"_wpcf7_container_post\" value=\"0\" \/><input type=\"hidden\" name=\"_wpcf7_posted_data_hash\" value=\"\" \/>\n<\/fieldset>\n<p><label> Dein Name (Pflichtfeld)<br \/>\n<span class=\"wpcf7-form-control-wrap\" data-name=\"your-name\"><input size=\"40\" maxlength=\"400\" class=\"wpcf7-form-control wpcf7-text wpcf7-validates-as-required\" aria-required=\"true\" aria-invalid=\"false\" value=\"\" type=\"text\" name=\"your-name\" \/><\/span> <\/label>\n<\/p>\n<p><label> Deine E-Mail-Adresse (Pflichtfeld)<br \/>\n<span class=\"wpcf7-form-control-wrap\" data-name=\"your-email\"><input size=\"40\" maxlength=\"400\" class=\"wpcf7-form-control wpcf7-email wpcf7-validates-as-required wpcf7-text wpcf7-validates-as-email\" aria-required=\"true\" aria-invalid=\"false\" value=\"\" type=\"email\" name=\"your-email\" \/><\/span> <\/label>\n<\/p>\n<p><label> Betreff<br \/>\n<span class=\"wpcf7-form-control-wrap\" data-name=\"your-subject\"><input size=\"40\" maxlength=\"400\" class=\"wpcf7-form-control wpcf7-text\" aria-invalid=\"false\" value=\"\" type=\"text\" name=\"your-subject\" \/><\/span> <\/label>\n<\/p>\n<p><label> Deine Nachricht<br \/>\n<span class=\"wpcf7-form-control-wrap\" data-name=\"your-message\"><textarea cols=\"40\" rows=\"10\" maxlength=\"2000\" class=\"wpcf7-form-control wpcf7-textarea\" aria-invalid=\"false\" name=\"your-message\"><\/textarea><\/span> <\/label>\n<\/p>\n<p><label>Sicherheitsabfrage (Spam-Schutz)<br \/>\n<span class=\"wpcf7-form-control-wrap\" data-name=\"quiz-80\"><label><span class=\"wpcf7-quiz-label\">was ist 7 - 1 =<\/span> <input size=\"40\" class=\"wpcf7-form-control wpcf7-quiz\" autocomplete=\"off\" aria-required=\"true\" aria-invalid=\"false\" type=\"text\" name=\"quiz-80\" \/><\/label><input type=\"hidden\" name=\"_wpcf7_quiz_answer_quiz-80\" value=\"5801ae325e8d9a90586b0f618a7d0f88\" \/><\/span><br \/>\n<input class=\"wpcf7-form-control wpcf7-submit has-spinner\" type=\"submit\" value=\"Senden\" \/><\/label>\n<\/p><div class=\"wpcf7-response-output\" aria-hidden=\"true\"><\/div>\n<\/form>\n<\/div>\n","protected":false},"excerpt":{"rendered":"<p>Kontakt Wenn Sie Fragen haben oder uns Anregungen \u00fcbermitteln wollen, k\u00f6nnen Sie dies \u00fcber das Nachrichtenformular unten oder per Post erledigen. F\u00fcr den postalischen Weg gilt die folgende Adresse: Yogastudio MaripuraMarion M\u00fcller-AssmusAn der Landesgrenze 628779 Bremen Telefonisch erreichen Sie uns unter: Mobil: 0151 2013 5717 info@maripura.de Wenn Sie uns eine Nachricht senden m\u00f6chten, f\u00fcllen Sie &hellip; <\/p>\n<p class=\"link-more\"><a href=\"https:\/\/maripura.de\/index.php\/kontakt\/\" class=\"more-link\"><span class=\"screen-reader-text\">\u201eKontakt\u201c<\/span> weiterlesen<\/a><\/p>\n","protected":false},"author":1,"featured_media":0,"parent":0,"menu_order":0,"comment_status":"closed","ping_status":"closed","template":"","meta":{"footnotes":""},"class_list":["post-94","page","type-page","status-publish","hentry"],"_links":{"self":[{"href":"https:\/\/maripura.de\/index.php\/wp-json\/wp\/v2\/pages\/94","targetHints":{"allow":["GET"]}}],"collection":[{"href":"https:\/\/maripura.de\/index.php\/wp-json\/wp\/v2\/pages"}],"about":[{"href":"https:\/\/maripura.de\/index.php\/wp-json\/wp\/v2\/types\/page"}],"author":[{"embeddable":true,"href":"https:\/\/maripura.de\/index.php\/wp-json\/wp\/v2\/users\/1"}],"replies":[{"embeddable":true,"href":"https:\/\/maripura.de\/index.php\/wp-json\/wp\/v2\/comments?post=94"}],"version-history":[{"count":52,"href":"https:\/\/maripura.de\/index.php\/wp-json\/wp\/v2\/pages\/94\/revisions"}],"predecessor-version":[{"id":2008,"href":"https:\/\/maripura.de\/index.php\/wp-json\/wp\/v2\/pages\/94\/revisions\/2008"}],"wp:attachment":[{"href":"https:\/\/maripura.de\/index.php\/wp-json\/wp\/v2\/media?parent=94"}],"curies":[{"name":"wp","href":"https:\/\/api.w.org\/{rel}","templated":true}]}}